{"id":959,"date":"2016-12-28T22:24:43","date_gmt":"2016-12-28T22:24:43","guid":{"rendered":"http:\/\/gutgrosshard.at\/?page_id=959"},"modified":"2018-11-11T20:52:10","modified_gmt":"2018-11-11T20:52:10","slug":"uber-uns","status":"publish","type":"page","link":"https:\/\/gutgrosshard.at\/index.php\/uber-uns\/","title":{"rendered":"\u00dcber Uns"},"content":{"rendered":"<p>[vc_row][vc_column][vc_custom_heading text=&#8220;&#8222;Wer sich mit der Natur vertr\u00e4gt, dem tut sie nichts.&#8222;&#8220; font_container=&#8220;tag:div|font_size:48px|text_align:center|line_height:10px&#8220; google_fonts=&#8220;font_family:Playfair%20Display%3Aregular%2Citalic%2C700%2C700italic%2C900%2C900italic|font_style:400%20italic%3A400%3Aitalic&#8220; css=&#8220;.vc_custom_1541969291547{padding-bottom: 10px !important;}&#8220;][\/vc_column][\/vc_row][vc_row][vc_column][vc_single_image image=&#8220;948&#8243; alignment=&#8220;center&#8220; css=&#8220;.vc_custom_1482965096766{padding-top: 10px !important;}&#8220;][vc_video link=&#8220;https:\/\/www.youtube.com\/watch?v=NQgdz1LrctU&#8220; el_width=&#8220;80&#8243; align=&#8220;center&#8220;][\/vc_column][\/vc_row][vc_row][vc_column][vc_column_text css=&#8220;.vc_custom_1541969527759{margin-right: 50px !important;margin-left: 50px !important;}&#8220;]<\/p>\n<p style=\"text-align: center; background: white; margin: 0cm 0cm 7.5pt 0cm;\" align=\"center\"><span style=\"font-size: 14.0pt; font-family: 'Microsoft Yi Baiti'; letter-spacing: .4pt;\">Der Bio-Bauernhof befindet sich etwa zwei Kilometer n\u00f6rdlich von Feldkirchen in K\u00e4rnten, direkt an der Gurktaler Bundesstra\u00dfe und wird von der Familie D\u00f6rfler bereits in der f\u00fcnften Generation bewirtschaftet. Clemens leitet die Direktvermarktung, welche er in den vergangenen Jahren aufgebaut hat und k\u00fcmmert sich gemeinsam mit Peter und die gesamte Landwirtschaft. <\/span><\/p>\n<p style=\"text-align: center; background: white; margin: 0cm 0cm 7.5pt 0cm;\" align=\"center\"><span style=\"font-size: 14.0pt; font-family: 'Microsoft Yi Baiti'; letter-spacing: .4pt;\">2012 wurde ein neuer Freiluftstall f\u00fcr die Holstein-Friesian K\u00fche gebaut. Das automatisierte Melksystem funktioniert auf freiwilliger Basis, das hei\u00dft die K\u00fche bestimmen den Zeitpunkt f\u00fcr das Melken selbst \u2013 was sich positiv auf ihre Gesundheit, auf die Stimmung innerhalb der Herde als auch gegen\u00fcber uns Menschen auswirkt.<\/span><\/p>\n<p style=\"text-align: center; background: white; margin: 0cm 0cm 7.5pt 0cm;\" align=\"center\"><span style=\"font-size: 14.0pt; font-family: 'Microsoft Yi Baiti'; letter-spacing: .4pt;\">Der artgerechte, respektvolle Umgang mit den K\u00fchen und die Bewirtschaftung von Grund und Boden nach streng biologischen Richtlinien sind wichtige Voraussetzungen f\u00fcr die Erzeugung von hochqualitativen Produkten am Hof.<\/span><\/p>\n<p style=\"text-align: center; background: white; margin: 0cm 0cm 7.5pt 0cm;\" align=\"center\"><span style=\"font-size: 14.0pt; font-family: 'Microsoft Yi Baiti'; letter-spacing: .4pt;\">Ein weiterer Pluspunkt f\u00fcr die Umwelt \u2013 der Biohof ist nahezu energieautark. Die ben\u00f6tigte Energie kommt vom eigenen Wasserkraftwerk und von einer Hackschnitzelheizung.<\/span><\/p>\n<p style=\"margin: 0cm; margin-bottom: .0001pt; text-align: center; background: white;\" align=\"center\"><span style=\"font-size: 14.0pt; font-family: 'Microsoft Yi Baiti'; letter-spacing: .4pt;\">Wenn Sie in Feldkirchen oder n\u00e4herer Umgebung wohnhaft sind, k\u00f6nnen Sie unsere Produkte \u00fcber unseren Lieferservice beziehen. F\u00fcr Fragen, oder wenn Sie eine Probelieferung von unserer kleinen aber feinen Produktpalette\u00a0probieren m\u00f6chten, rufen Sie uns einfach an.\u00a0Ebenfalls k\u00f6nnen Sie jederzeit vorbeikommen und unseren Mini-Hofladen besuchen.<\/span><\/p>\n<p>[\/vc_column_text][\/vc_column][\/vc_row]<\/p>\n","protected":false},"excerpt":{"rendered":"<p>[vc_row][vc_column][vc_custom_heading text=&#8220;&#8222;Wer sich mit der Natur vertr\u00e4gt, dem tut sie nichts.&#8222;&#8220; font_container=&#8220;tag:div|font_size:48px|text_align:center|line_height:10px&#8220; google_fonts=&#8220;font_family:Playfair%20Display%3Aregular%2Citalic%2C700%2C700italic%2C900%2C900italic|font_style:400%20italic%3A400%3Aitalic&#8220; css=&#8220;.vc_custom_1541969291547{padding-bottom: 10px !important;}&#8220;][\/vc_column][\/vc_row][vc_row][vc_column][vc_single_image image=&#8220;948&#8243; alignment=&#8220;center&#8220; css=&#8220;.vc_custom_1482965096766{padding-top: 10px !important;}&#8220;][vc_video link=&#8220;https:\/\/www.youtube.com\/watch?v=NQgdz1LrctU&#8220; el_width=&#8220;80&#8243; align=&#8220;center&#8220;][\/vc_column][\/vc_row][vc_row][vc_column][vc_column_text css=&#8220;.vc_custom_1541969527759{margin-right: 50px !important;margin-left: 50px !important;}&#8220;] Der Bio-Bauernhof befindet sich etwa zwei Kilometer n\u00f6rdlich von Feldkirchen in K\u00e4rnten, direkt an der Gurktaler Bundesstra\u00dfe und wird von der Familie D\u00f6rfler bereits in der [&hellip;]<\/p>\n","protected":false},"author":1,"featured_media":0,"parent":0,"menu_order":0,"comment_status":"closed","ping_status":"closed","template":"","meta":[],"_links":{"self":[{"href":"https:\/\/gutgrosshard.at\/index.php\/wp-json\/wp\/v2\/pages\/959"}],"collection":[{"href":"https:\/\/gutgrosshard.at\/index.php\/wp-json\/wp\/v2\/pages"}],"about":[{"href":"https:\/\/gutgrosshard.at\/index.php\/wp-json\/wp\/v2\/types\/page"}],"author":[{"embeddable":true,"href":"https:\/\/gutgrosshard.at\/index.php\/wp-json\/wp\/v2\/users\/1"}],"replies":[{"embeddable":true,"href":"https:\/\/gutgrosshard.at\/index.php\/wp-json\/wp\/v2\/comments?post=959"}],"version-history":[{"count":9,"href":"https:\/\/gutgrosshard.at\/index.php\/wp-json\/wp\/v2\/pages\/959\/revisions"}],"predecessor-version":[{"id":1049,"href":"https:\/\/gutgrosshard.at\/index.php\/wp-json\/wp\/v2\/pages\/959\/revisions\/1049"}],"wp:attachment":[{"href":"https:\/\/gutgrosshard.at\/index.php\/wp-json\/wp\/v2\/media?parent=959"}],"curies":[{"name":"wp","href":"https:\/\/api.w.org\/{rel}","templated":true}]}}